{"id":2,"date":"2010-06-26T16:43:37","date_gmt":"2010-06-26T16:43:37","guid":{"rendered":"http:\/\/www.capri-soft.de\/blog\/?page_id=2"},"modified":"2024-01-10T14:02:23","modified_gmt":"2024-01-10T13:02:23","slug":"eine-seite","status":"publish","type":"page","link":"https:\/\/www.capri-soft.de\/blog\/?page_id=2","title":{"rendered":"About"},"content":{"rendered":"<h1>\u00dcber diesen Blog<\/h1>\n<p>Als Ged\u00e4chtnisst\u00fctze f\u00fcr IT-L\u00f6sungen und Programmierarbeiten aus dem Berufs- und Hobbyumfeld ben\u00f6tigte ich eine Plattform, auf der ich erarbeitetes Wissen sammeln und klassifizieren kann. Daher begann ich im Juni 2010 das Bloggen mit dieser Worpress-Installation, was sich im Laufe der Zeit als gutes Nachschlagewerk f\u00fcr mich selbst und die mittlerweile 3000 Besucher\/Monat entpuppte.<\/p>\n<h2>IT-L\u00f6sungen<\/h2>\n<p>Ich arbeite seit \u00fcber 20 Jahren in der IT Branche und m\u00f6chte meine etablierten L\u00f6sungen im Sinne von Best Practices mit interessierten Besuchern teilen. Auf der anderen Seite freue ich mich auch \u00fcber Kommentare und Zweitmeinungen zu bestimmten Themen.<\/p>\n<h2>Softwarearchitektur und Programmieren<\/h2>\n<p>In wenige Zeilen Code kann man oft mehrere Stunden Arbeit stecken. Mini-Algorithmen und Snipplets, die Ihren vorgesehenen Verwendungszweck erf\u00fcllen, bilden mein Kochbuch f\u00fcr wiederverwendbare L\u00f6sungen.<\/p>\n<p>Aus Zeitgr\u00fcnden werde ich nicht immer druckreife S\u00e4tze zustande bringen, vielleicht auch nur Quellcode posten.<\/p>\n<h2>Musik machen, Recording und VST-Instrumente<\/h2>\n<p>Ich bin begeisterter Gitarrist, Liedermacher und Cubase-Anwender und probiere gerne VST-Instrumente aus. Auf diesen Seiten berichte\u00a0ich \u00fcber meine Erfahrungen mit bestimmten VST Plug-Ins.<\/p>\n<h2>Hobbys und Basteleien<\/h2>\n<p>Einige Artikel befassen sich u.A. mit Mikrocontroller-Programmierung, dem L\u00f6sen des Rubikscubes, dem Bau von autonomen Robotern, Webtechnologien und Datenbankprogrammierung.<\/p>\n<h1>Interessante Besucherstatistik<\/h1>\n<p>Wie sich herausgestellt hat, besuchen viele gro\u00dfe Firmen meinen Blog. Ich hab mal den <a href=\"https:\/\/www.capri-soft.de\/blog\/wp-content\/uploads\/2010\/06\/firmen.pdf\">Snapshot von Google Analytics exportiert<\/a>. Man erkennt sofort, dass der Themenstrau\u00df den IT Zweig s\u00e4mtlicher Branchen anspricht.<\/p>\n<p><a href=\"https:\/\/www.capri-soft.de\/blog\/?attachment_id=2320\" rel=\"attachment wp-att-2320\"><img data-recalc-dims=\"1\" loading=\"lazy\" decoding=\"async\" data-attachment-id=\"2320\" data-permalink=\"https:\/\/www.capri-soft.de\/blog\/?attachment_id=2320\" data-orig-file=\"https:\/\/i0.wp.com\/www.capri-soft.de\/blog\/wp-content\/uploads\/2010\/06\/besucher1.png?fit=889%2C614&amp;ssl=1\" data-orig-size=\"889,614\" data-comments-opened=\"1\" data-image-meta=\"{&quot;aperture&quot;:&quot;0&quot;,&quot;credit&quot;:&quot;&quot;,&quot;camera&quot;:&quot;&quot;,&quot;caption&quot;:&quot;&quot;,&quot;created_timestamp&quot;:&quot;0&quot;,&quot;copyright&quot;:&quot;&quot;,&quot;focal_length&quot;:&quot;0&quot;,&quot;iso&quot;:&quot;0&quot;,&quot;shutter_speed&quot;:&quot;0&quot;,&quot;title&quot;:&quot;&quot;,&quot;orientation&quot;:&quot;0&quot;}\" data-image-title=\"besucher1\" data-image-description=\"\" data-image-caption=\"\" data-large-file=\"https:\/\/i0.wp.com\/www.capri-soft.de\/blog\/wp-content\/uploads\/2010\/06\/besucher1.png?fit=474%2C327&amp;ssl=1\" class=\"alignnone size-full wp-image-2320\" src=\"https:\/\/i0.wp.com\/www.capri-soft.de\/blog\/wp-content\/uploads\/2010\/06\/besucher1.png?resize=474%2C327&#038;ssl=1\" alt=\"\" width=\"474\" height=\"327\" srcset=\"https:\/\/i0.wp.com\/www.capri-soft.de\/blog\/wp-content\/uploads\/2010\/06\/besucher1.png?w=889&amp;ssl=1 889w, https:\/\/i0.wp.com\/www.capri-soft.de\/blog\/wp-content\/uploads\/2010\/06\/besucher1.png?resize=300%2C207&amp;ssl=1 300w, https:\/\/i0.wp.com\/www.capri-soft.de\/blog\/wp-content\/uploads\/2010\/06\/besucher1.png?resize=768%2C530&amp;ssl=1 768w\" sizes=\"auto, (max-width: 474px) 100vw, 474px\" \/><\/a><\/p>\n<h1>\u00dcber mich<\/h1>\n<p><a href=\"https:\/\/www.capri-soft.de\/blog\/?attachment_id=2310\" rel=\"attachment wp-att-2310\"><img data-recalc-dims=\"1\" loading=\"lazy\" decoding=\"async\" data-attachment-id=\"2310\" data-permalink=\"https:\/\/www.capri-soft.de\/blog\/?attachment_id=2310\" data-orig-file=\"https:\/\/i0.wp.com\/www.capri-soft.de\/blog\/wp-content\/uploads\/2017\/04\/20170421_134426.jpg?fit=2592%2C1944&amp;ssl=1\" data-orig-size=\"2592,1944\" data-comments-opened=\"1\" data-image-meta=\"{&quot;aperture&quot;:&quot;1.7&quot;,&quot;credit&quot;:&quot;&quot;,&quot;camera&quot;:&quot;SM-G930F&quot;,&quot;caption&quot;:&quot;&quot;,&quot;created_timestamp&quot;:&quot;1492782266&quot;,&quot;copyright&quot;:&quot;&quot;,&quot;focal_length&quot;:&quot;2.1&quot;,&quot;iso&quot;:&quot;200&quot;,&quot;shutter_speed&quot;:&quot;0.03030303030303&quot;,&quot;title&quot;:&quot;&quot;,&quot;orientation&quot;:&quot;1&quot;}\" data-image-title=\"20170421_134426\" data-image-description=\"\" data-image-caption=\"\" data-large-file=\"https:\/\/i0.wp.com\/www.capri-soft.de\/blog\/wp-content\/uploads\/2017\/04\/20170421_134426.jpg?fit=474%2C356&amp;ssl=1\" class=\"alignnone size-large wp-image-2310\" src=\"https:\/\/i0.wp.com\/www.capri-soft.de\/blog\/wp-content\/uploads\/2017\/04\/20170421_134426.jpg?resize=474%2C356&#038;ssl=1\" alt=\"\" width=\"474\" height=\"356\" srcset=\"https:\/\/i0.wp.com\/www.capri-soft.de\/blog\/wp-content\/uploads\/2017\/04\/20170421_134426.jpg?resize=1024%2C768&amp;ssl=1 1024w, https:\/\/i0.wp.com\/www.capri-soft.de\/blog\/wp-content\/uploads\/2017\/04\/20170421_134426.jpg?resize=300%2C225&amp;ssl=1 300w, https:\/\/i0.wp.com\/www.capri-soft.de\/blog\/wp-content\/uploads\/2017\/04\/20170421_134426.jpg?resize=768%2C576&amp;ssl=1 768w, https:\/\/i0.wp.com\/www.capri-soft.de\/blog\/wp-content\/uploads\/2017\/04\/20170421_134426.jpg?w=948&amp;ssl=1 948w, https:\/\/i0.wp.com\/www.capri-soft.de\/blog\/wp-content\/uploads\/2017\/04\/20170421_134426.jpg?w=1422&amp;ssl=1 1422w\" sizes=\"auto, (max-width: 474px) 100vw, 474px\" \/><\/a><\/p>\n<ul>\n<li>Dipl. Inf.<\/li>\n<li>Gitarrist<\/li>\n<\/ul>\n<h1>Impressum<\/h1>\n<p>Bj\u00f6rn Karpenstein<br \/>\nOderstra\u00dfe 7<br \/>\n36043 Fulda<\/p>\n<iframe src=\"http:\/\/www.facebook.com\/plugins\/like.php?href=https%3A%2F%2Fwww.capri-soft.de%2Fblog%2F%3Fpage_id%3D2&amp;layout=standard&amp;show_faces=true&amp;width=450&amp;action=like&amp;colorscheme=light\" scrolling=\"no\" frameborder=\"0\" allowTransparency=\"true\" style=\"border:none; overflow:hidden; width:450px;margin-top:5px;\"><\/iframe>","protected":false},"excerpt":{"rendered":"<p>\u00dcber diesen Blog Als Ged\u00e4chtnisst\u00fctze f\u00fcr IT-L\u00f6sungen und Programmierarbeiten aus dem Berufs- und Hobbyumfeld ben\u00f6tigte ich eine Plattform, auf der ich erarbeitetes Wissen sammeln und klassifizieren kann. Daher begann ich im Juni 2010 das Bloggen mit dieser Worpress-Installation, was sich im Laufe der Zeit als gutes Nachschlagewerk f\u00fcr mich selbst und die mittlerweile 3000 Besucher\/Monat &hellip; <a href=\"https:\/\/www.capri-soft.de\/blog\/?page_id=2\" class=\"more-link\"><span class=\"screen-reader-text\">About<\/span> weiterlesen <span class=\"meta-nav\">&rarr;<\/span><\/a><\/p>\n","protected":false},"author":1,"featured_media":0,"parent":0,"menu_order":0,"comment_status":"open","ping_status":"open","template":"","meta":{"_monsterinsights_skip_tracking":false,"_monsterinsights_sitenote_active":false,"_monsterinsights_sitenote_note":"","_monsterinsights_sitenote_category":0,"jetpack_post_was_ever_published":false,"footnotes":""},"class_list":["post-2","page","type-page","status-publish","hentry"],"jetpack_sharing_enabled":true,"jetpack_shortlink":"https:\/\/wp.me\/P4yGeN-2","jetpack_likes_enabled":true,"jetpack-related-posts":[],"_links":{"self":[{"href":"https:\/\/www.capri-soft.de\/blog\/index.php?rest_route=\/wp\/v2\/pages\/2","targetHints":{"allow":["GET"]}}],"collection":[{"href":"https:\/\/www.capri-soft.de\/blog\/index.php?rest_route=\/wp\/v2\/pages"}],"about":[{"href":"https:\/\/www.capri-soft.de\/blog\/index.php?rest_route=\/wp\/v2\/types\/page"}],"author":[{"embeddable":true,"href":"https:\/\/www.capri-soft.de\/blog\/index.php?rest_route=\/wp\/v2\/users\/1"}],"replies":[{"embeddable":true,"href":"https:\/\/www.capri-soft.de\/blog\/index.php?rest_route=%2Fwp%2Fv2%2Fcomments&post=2"}],"version-history":[{"count":31,"href":"https:\/\/www.capri-soft.de\/blog\/index.php?rest_route=\/wp\/v2\/pages\/2\/revisions"}],"predecessor-version":[{"id":3874,"href":"https:\/\/www.capri-soft.de\/blog\/index.php?rest_route=\/wp\/v2\/pages\/2\/revisions\/3874"}],"wp:attachment":[{"href":"https:\/\/www.capri-soft.de\/blog\/index.php?rest_route=%2Fwp%2Fv2%2Fmedia&parent=2"}],"curies":[{"name":"wp","href":"https:\/\/api.w.org\/{rel}","templated":true}]}}